

{"id":6,"date":"2014-11-24T14:51:17","date_gmt":"2014-11-24T14:51:17","guid":{"rendered":"http:\/\/kjelstrupconsult.upstreamarketing.dk\/?page_id=6"},"modified":"2014-11-24T14:51:17","modified_gmt":"2014-11-24T14:51:17","slug":"6-2","status":"publish","type":"page","link":"https:\/\/kjelstrupconsult.dk\/?page_id=6","title":{"rendered":"Lykkes"},"content":{"rendered":"<div class=\"first_box\">\n<div class=\"usm_boxes\">\n<div class=\"usm_br\"><\/div>\n<div class=\"usm_tl\"><\/div>\n<div class=\"logo\"><\/div>\n<div class=\"usm_main_content\">\n<h2>Salg &#038; Key Account Management<\/h2>\n<p>Omdrejningspunktet for en solid \u00f8konomi<br \/>\ner at kunne fastholde og udvikle relationer med<br \/>\neksisterende kunder til et h\u00f8jere niveau.<\/p>\n<\/div>\n<\/div>\n<div class=\"usm_boxes\">\n<div class=\"usm_br\"><\/div>\n<div class=\"usm_tl\"><\/div>\n<div class=\"logo\"><\/div>\n<div class=\"usm_main_content\">\n<h2>Optim\u00e9r din produktion<\/h2>\n<p>Professionel sparring omkring effektivisering af en produktion kan tilf\u00f8re nye muligheder og nye markeder, med det handler lideledes om at kunne konkurrere p\u00e5 det mest tydelige parameter &#8211; prisen.\n<\/p><\/div>\n<\/div>\n<div class=\"usm_boxes\">\n<div class=\"usm_br\"><\/div>\n<div class=\"usm_tl\"><\/div>\n<div class=\"logo\"><\/div>\n<div class=\"usm_main_content\">\n<h2>Hj\u00e6lp til organisations\u00e6ndringer<\/h2>\n<p>En underst\u00f8ttende lederkapacitet kan skabe rum for l\u00f8sninger, der muligg\u00f8r st\u00f8rre opgaver end I normalt kan entrere med samt tid til at fortage n\u00f8dvendige strukturtilpasninger.<\/p><\/div>\n<\/div>\n<\/div>\n<div class=\"secound_box\">\n<div class=\"usm_contact_content\">\n<h2>Finn Kjelstrup Pedersen<\/h2>\n<\/div>\n<div class=\"usm_contact_top_left_box\">\n<div class=\"usm_contact_top_content\">Kjelstrup Consult<br \/>\nHjermvej 68<br \/>\n7600 Struer<br \/>\nTlf. 29316949<\/div>\n<\/div>\n<div class=\"usm_contact_top_right_box\">\n<div class=\"usm_contact_top_content\"><\/div>\n<\/div>\n<\/div>\n","protected":false},"excerpt":{"rendered":"<p>Salg &#038; Key Account Management Omdrejningspunktet for en solid \u00f8konomi er at kunne fastholde og udvikle relationer med eksisterende kunder til et h\u00f8jere niveau. Optim\u00e9r din produktion Professionel sparring omkring effektivisering af en produktion kan tilf\u00f8re nye muligheder og nye markeder, med det handler lideledes om at kunne konkurrere p\u00e5 det mest tydelige parameter &#8211; [&hellip;]<\/p>\n","protected":false},"author":1,"featured_media":0,"parent":0,"menu_order":5,"comment_status":"open","ping_status":"closed","template":"","meta":[],"_links":{"self":[{"href":"https:\/\/kjelstrupconsult.dk\/index.php?rest_route=\/wp\/v2\/pages\/6"}],"collection":[{"href":"https:\/\/kjelstrupconsult.dk\/index.php?rest_route=\/wp\/v2\/pages"}],"about":[{"href":"https:\/\/kjelstrupconsult.dk\/index.php?rest_route=\/wp\/v2\/types\/page"}],"author":[{"embeddable":true,"href":"https:\/\/kjelstrupconsult.dk\/index.php?rest_route=\/wp\/v2\/users\/1"}],"replies":[{"embeddable":true,"href":"https:\/\/kjelstrupconsult.dk\/index.php?rest_route=%2Fwp%2Fv2%2Fcomments&post=6"}],"version-history":[{"count":0,"href":"https:\/\/kjelstrupconsult.dk\/index.php?rest_route=\/wp\/v2\/pages\/6\/revisions"}],"wp:attachment":[{"href":"https:\/\/kjelstrupconsult.dk\/index.php?rest_route=%2Fwp%2Fv2%2Fmedia&parent=6"}],"curies":[{"name":"wp","href":"https:\/\/api.w.org\/{rel}","templated":true}]}}