

{"id":16,"date":"2014-11-24T14:51:49","date_gmt":"2014-11-24T14:51:49","guid":{"rendered":"http:\/\/kjelstrupconsult.upstreamarketing.dk\/?page_id=16"},"modified":"2014-11-24T14:51:49","modified_gmt":"2014-11-24T14:51:49","slug":"kontakt","status":"publish","type":"page","link":"https:\/\/kjelstrupconsult.dk\/?page_id=16","title":{"rendered":"Beslutning"},"content":{"rendered":"<h2>Overskud til den rigtige beslutning<\/h2>\n<p>Virksomheder v\u00e6lger nogle gange at sige nej til opgaver, fordi de ikke kan overskue de interne, strukturelle udfordringer, mangel p\u00e5 mandskab, ledelseskapacitet eller andre udfordringer ved en st\u00f8rre entreprise.<\/p>\n<p>Professionel sparring og underst\u00f8ttende, ekstern r\u00e5dgivning kan skabe rum for v\u00e6rdiskabende l\u00f8sninger, der muligg\u00f8r en succesfuld proces og resultat ved at sige ja tak til opgaven.<\/p>\n","protected":false},"excerpt":{"rendered":"<p>Overskud til den rigtige beslutning Virksomheder v\u00e6lger nogle gange at sige nej til opgaver, fordi de ikke kan overskue de interne, strukturelle udfordringer, mangel p\u00e5 mandskab, ledelseskapacitet eller andre udfordringer ved en st\u00f8rre entreprise. Professionel sparring og underst\u00f8ttende, ekstern r\u00e5dgivning kan skabe rum for v\u00e6rdiskabende l\u00f8sninger, der muligg\u00f8r en succesfuld proces og resultat ved at [&hellip;]<\/p>\n","protected":false},"author":1,"featured_media":0,"parent":0,"menu_order":30,"comment_status":"open","ping_status":"closed","template":"","meta":[],"_links":{"self":[{"href":"https:\/\/kjelstrupconsult.dk\/index.php?rest_route=\/wp\/v2\/pages\/16"}],"collection":[{"href":"https:\/\/kjelstrupconsult.dk\/index.php?rest_route=\/wp\/v2\/pages"}],"about":[{"href":"https:\/\/kjelstrupconsult.dk\/index.php?rest_route=\/wp\/v2\/types\/page"}],"author":[{"embeddable":true,"href":"https:\/\/kjelstrupconsult.dk\/index.php?rest_route=\/wp\/v2\/users\/1"}],"replies":[{"embeddable":true,"href":"https:\/\/kjelstrupconsult.dk\/index.php?rest_route=%2Fwp%2Fv2%2Fcomments&post=16"}],"version-history":[{"count":0,"href":"https:\/\/kjelstrupconsult.dk\/index.php?rest_route=\/wp\/v2\/pages\/16\/revisions"}],"wp:attachment":[{"href":"https:\/\/kjelstrupconsult.dk\/index.php?rest_route=%2Fwp%2Fv2%2Fmedia&parent=16"}],"curies":[{"name":"wp","href":"https:\/\/api.w.org\/{rel}","templated":true}]}}