

{"id":14,"date":"2014-11-24T14:51:32","date_gmt":"2014-11-24T14:51:32","guid":{"rendered":"http:\/\/kjelstrupconsult.upstreamarketing.dk\/?page_id=14"},"modified":"2014-11-24T14:51:32","modified_gmt":"2014-11-24T14:51:32","slug":"14-2","status":"publish","type":"page","link":"https:\/\/kjelstrupconsult.dk\/?page_id=14","title":{"rendered":"Fordele"},"content":{"rendered":"<h2>Fokus p\u00e5 bundlinjen<\/h2>\n<p>Det er 5 gange dyrere at f\u00e5 nye kunder end at fastholde jeres loyale kunder. Desuden sikrer det ro til nye indsatser og en l\u00f8bende forbedring af jeres produkter. Det handler om flow og fremadrettede m\u00e5l. Hvis man st\u00e5r for meget stille, s\u00e5 bev\u00e6ger man sig bagl\u00e6ns. Vi ved det alle sammen. Men hvor mange af os har de 25 timer i d\u00f8gnet? Kjelstrup Consult kan v\u00e6re jeres ekstra time.<\/p>\n<p>F\u00e5 flere muskler til at gennemf\u00f8re store projekter indenfor tidsrammen, samt en sparring og sikring af virksomhedens \u00f8konomi, medarbejdernes tryghed og luft til i hverdagen at give jeres kunder det de fortjener. Nemlig mere end de forventer. Det lyder simpelt, men er det naturligvis ikke altid. Og nogle gange langt fra. Hvis I er nysgerrige p\u00e5 at give de 10 procent ekstra, s\u00e5 ring.<\/p>\n","protected":false},"excerpt":{"rendered":"<p>Fokus p\u00e5 bundlinjen Det er 5 gange dyrere at f\u00e5 nye kunder end at fastholde jeres loyale kunder. Desuden sikrer det ro til nye indsatser og en l\u00f8bende forbedring af jeres produkter. Det handler om flow og fremadrettede m\u00e5l. Hvis man st\u00e5r for meget stille, s\u00e5 bev\u00e6ger man sig bagl\u00e6ns. Vi ved det alle sammen. [&hellip;]<\/p>\n","protected":false},"author":1,"featured_media":209,"parent":0,"menu_order":25,"comment_status":"open","ping_status":"closed","template":"","meta":[],"_links":{"self":[{"href":"https:\/\/kjelstrupconsult.dk\/index.php?rest_route=\/wp\/v2\/pages\/14"}],"collection":[{"href":"https:\/\/kjelstrupconsult.dk\/index.php?rest_route=\/wp\/v2\/pages"}],"about":[{"href":"https:\/\/kjelstrupconsult.dk\/index.php?rest_route=\/wp\/v2\/types\/page"}],"author":[{"embeddable":true,"href":"https:\/\/kjelstrupconsult.dk\/index.php?rest_route=\/wp\/v2\/users\/1"}],"replies":[{"embeddable":true,"href":"https:\/\/kjelstrupconsult.dk\/index.php?rest_route=%2Fwp%2Fv2%2Fcomments&post=14"}],"version-history":[{"count":0,"href":"https:\/\/kjelstrupconsult.dk\/index.php?rest_route=\/wp\/v2\/pages\/14\/revisions"}],"wp:featuredmedia":[{"embeddable":true,"href":"https:\/\/kjelstrupconsult.dk\/index.php?rest_route=\/wp\/v2\/media\/209"}],"wp:attachment":[{"href":"https:\/\/kjelstrupconsult.dk\/index.php?rest_route=%2Fwp%2Fv2%2Fmedia&parent=14"}],"curies":[{"name":"wp","href":"https:\/\/api.w.org\/{rel}","templated":true}]}}