

{"id":12,"date":"2014-11-24T14:51:28","date_gmt":"2014-11-24T14:51:28","guid":{"rendered":"http:\/\/kjelstrupconsult.upstreamarketing.dk\/?page_id=12"},"modified":"2014-11-24T14:51:28","modified_gmt":"2014-11-24T14:51:28","slug":"12-2","status":"publish","type":"page","link":"https:\/\/kjelstrupconsult.dk\/?page_id=12","title":{"rendered":"Erfaring"},"content":{"rendered":"<h2>Ledelse \u2013 erfaring \u2013 kvalitet i sparring<\/h2>\n<p>Jeg er uddannet maskiningeni\u00f8r og merkonom og har mere end 20 \u00e5rs erfaring med ledelse, som chef for salg, PTA og de sidste 5 \u00e5r med Interim ledelse i mange forskellige typer virksomheder.<\/p>\n<p>Stor erfaring med at forhandle kontrakter med nogle af Skandinaviens st\u00f8rste industrikoncerner, men kan ogs\u00e5 optimere og tilf\u00f8re trov\u00e6rdighed i jeres markedsf\u00f8ring og eksterne kommunikation.<\/p>\n<p>Personligt er jeg et \u00e5bent, nysgerrigt og n\u00e6rv\u00e6rende menneske, der opn\u00e5r resultater igennem dialog, vilje og en \u201dhands on\u201d analytisk tilgang til markeder.<\/p>\n","protected":false},"excerpt":{"rendered":"<p>Ledelse \u2013 erfaring \u2013 kvalitet i sparring Jeg er uddannet maskiningeni\u00f8r og merkonom og har mere end 20 \u00e5rs erfaring med ledelse, som chef for salg, PTA og de sidste 5 \u00e5r med Interim ledelse i mange forskellige typer virksomheder. Stor erfaring med at forhandle kontrakter med nogle af Skandinaviens st\u00f8rste industrikoncerner, men kan ogs\u00e5 [&hellip;]<\/p>\n","protected":false},"author":1,"featured_media":143,"parent":0,"menu_order":20,"comment_status":"open","ping_status":"closed","template":"","meta":[],"_links":{"self":[{"href":"https:\/\/kjelstrupconsult.dk\/index.php?rest_route=\/wp\/v2\/pages\/12"}],"collection":[{"href":"https:\/\/kjelstrupconsult.dk\/index.php?rest_route=\/wp\/v2\/pages"}],"about":[{"href":"https:\/\/kjelstrupconsult.dk\/index.php?rest_route=\/wp\/v2\/types\/page"}],"author":[{"embeddable":true,"href":"https:\/\/kjelstrupconsult.dk\/index.php?rest_route=\/wp\/v2\/users\/1"}],"replies":[{"embeddable":true,"href":"https:\/\/kjelstrupconsult.dk\/index.php?rest_route=%2Fwp%2Fv2%2Fcomments&post=12"}],"version-history":[{"count":0,"href":"https:\/\/kjelstrupconsult.dk\/index.php?rest_route=\/wp\/v2\/pages\/12\/revisions"}],"wp:featuredmedia":[{"embeddable":true,"href":"https:\/\/kjelstrupconsult.dk\/index.php?rest_route=\/wp\/v2\/media\/143"}],"wp:attachment":[{"href":"https:\/\/kjelstrupconsult.dk\/index.php?rest_route=%2Fwp%2Fv2%2Fmedia&parent=12"}],"curies":[{"name":"wp","href":"https:\/\/api.w.org\/{rel}","templated":true}]}}